{"id":115,"date":"2018-03-08T19:26:29","date_gmt":"2018-03-08T17:26:29","guid":{"rendered":"http:\/\/selkokeskus.fi\/pa-svenska\/?p=115"},"modified":"2023-02-09T11:52:00","modified_gmt":"2023-02-09T09:52:00","slug":"om-oss","status":"publish","type":"page","link":"https:\/\/selkokeskus.fi\/pa-svenska\/om-oss\/","title":{"rendered":"Om oss"},"content":{"rendered":"<p>Selkokeskus \u00e4r en riksomfattande expertorganisation f\u00f6r l\u00e4tt finska. Vi arbetar f\u00f6r att f\u00f6rb\u00e4ttra informationen, informationsf\u00f6rmedlingen samt den allm\u00e4nna attityden g\u00e4llande l\u00e4tt finska i Finland. V\u00e5r m\u00e5ls\u00e4ttning \u00e4r att st\u00e4rka det l\u00e4ttl\u00e4sta spr\u00e5kets st\u00e4llning och anv\u00e4ndarnas spr\u00e5kliga r\u00e4ttigheter i Finland. Vi ger r\u00e5d och v\u00e4gledning till alla som \u00e4r intresserade av l\u00e4tt finska. Vi \u00e4r en del av Kehitysvammaliitto, som social- och h\u00e4lsov\u00e5rdsministeriet finansierar med avkastningen fr\u00e5n tipsbolaget Veikkaus.<\/p>\n<p>Selkokeskus<\/p>\n<ul>\n<li>informerar om l\u00e4tt finska och l\u00e4ttl\u00e4sta b\u00f6cker<\/li>\n<li>ger ut aktualitetstidningen Selkosanomat och dess svenskspr\u00e5kiga systertidning L\u00e4tta bladet<\/li>\n<li>beviljar symbolen f\u00f6r l\u00e4ttl\u00e4st till olika publikationer<\/li>\n<li>arrangerar utbildning i l\u00e4tt finska<\/li>\n<li>organiserar verksamheten inom delegationen f\u00f6r l\u00e4tt spr\u00e5k<\/li>\n<li>utvecklar den l\u00e4tta finskan och st\u00f6der forskningen om l\u00e4tt spr\u00e5k<\/li>\n<li>fungerar som branschens samarbets- och informationskanal.<\/li>\n<\/ul>\n<p>F\u00f6rutom v\u00e5r egen personal har vi ocks\u00e5 utbildat experter p\u00e5 l\u00e4tt finska runt om i Finland. Experterna har specialiserat sig p\u00e5 olika delomr\u00e5den av l\u00e4tt spr\u00e5k. M\u00e5nga av dem anpassar texter som \u00e4r skrivna p\u00e5 allm\u00e4nspr\u00e5k till l\u00e4tt finska och ordnar utbildning i l\u00e4tt finska. Experterna best\u00e5r av bland annat l\u00e4rare, journalister, forskare och personer som skriver p\u00e5 l\u00e4ttl\u00e4st.<\/p>\n\n","protected":false},"excerpt":{"rendered":"<p>Selkokeskus \u00e4r en riksomfattande expertorganisation f\u00f6r l\u00e4tt finska. Vi arbetar f\u00f6r att f\u00f6rb\u00e4ttra informationen, informationsf\u00f6rmedlingen samt den allm\u00e4nna attityden g\u00e4llande l\u00e4tt finska i Finland. V\u00e5r m\u00e5ls\u00e4ttning \u00e4r att st\u00e4rka det l\u00e4ttl\u00e4sta spr\u00e5kets st\u00e4llning och anv\u00e4ndarnas spr\u00e5kliga [&hellip;]<span class=\"moretag\">L\u00e4s mer \u2026<\/span><\/p>\n","protected":false},"author":1,"featured_media":116,"parent":0,"menu_order":10,"comment_status":"closed","ping_status":"closed","template":"","meta":{"_acf_changed":false,"footnotes":""},"class_list":["post-115","page","type-page","status-publish","has-post-thumbnail","hentry"],"acf":[],"_links":{"self":[{"href":"https:\/\/selkokeskus.fi\/pa-svenska\/wp-json\/wp\/v2\/pages\/115","targetHints":{"allow":["GET"]}}],"collection":[{"href":"https:\/\/selkokeskus.fi\/pa-svenska\/wp-json\/wp\/v2\/pages"}],"about":[{"href":"https:\/\/selkokeskus.fi\/pa-svenska\/wp-json\/wp\/v2\/types\/page"}],"author":[{"embeddable":true,"href":"https:\/\/selkokeskus.fi\/pa-svenska\/wp-json\/wp\/v2\/users\/1"}],"replies":[{"embeddable":true,"href":"https:\/\/selkokeskus.fi\/pa-svenska\/wp-json\/wp\/v2\/comments?post=115"}],"version-history":[{"count":0,"href":"https:\/\/selkokeskus.fi\/pa-svenska\/wp-json\/wp\/v2\/pages\/115\/revisions"}],"wp:featuredmedia":[{"embeddable":true,"href":"https:\/\/selkokeskus.fi\/pa-svenska\/wp-json\/wp\/v2\/media\/116"}],"wp:attachment":[{"href":"https:\/\/selkokeskus.fi\/pa-svenska\/wp-json\/wp\/v2\/media?parent=115"}],"curies":[{"name":"wp","href":"https:\/\/api.w.org\/{rel}","templated":true}]}}