{"id":122,"date":"2018-03-08T19:26:31","date_gmt":"2018-03-08T17:26:31","guid":{"rendered":"http:\/\/selkokeskus.fi\/pa-svenska\/?p=122"},"modified":"2023-03-02T13:23:54","modified_gmt":"2023-03-02T11:23:54","slug":"lattlast-litteratur","status":"publish","type":"page","link":"https:\/\/selkokeskus.fi\/pa-svenska\/lattlast-litteratur\/","title":{"rendered":"L\u00e4ttl\u00e4st litteratur"},"content":{"rendered":"<p>Alla har r\u00e4tt att l\u00e4sa \u2013 att f\u00e5 ta del av sp\u00e4nnande \u00e4ventyr, resa till nya l\u00e4nder, f\u00e5 information och nya upplevelser i b\u00f6ckernas v\u00e4rld. Den l\u00e4ttl\u00e4sta litteraturen f\u00f6r ut b\u00f6ckerna till nya l\u00e4sargrupper, f\u00f6r vilka det \u00e4r sv\u00e5rt eller om\u00f6jligt att l\u00e4sa litteratur p\u00e5 allm\u00e4nspr\u00e5k. M\u00e5lgrupper \u00e4r till exempel \u00e4ldre och minnessvaga personer, m\u00e4nniskor med en intellektuell funktionsneds\u00e4ttning samt invandrare som l\u00e4r sig ett nytt spr\u00e5k.<\/p>\n<p>Vem som helst kan l\u00e4sa en l\u00e4ttl\u00e4st bok och till exempel personer som inte \u00e4r vana eller intresserade av att l\u00e4sa kan ha nytta av s\u00e5dana.<\/p>\n<h2>L\u00e4sgl\u00e4dje med l\u00e4ttl\u00e4sta b\u00f6cker<\/h2>\n<p>L\u00e4ttl\u00e4sta b\u00f6cker \u00e4r skrivna p\u00e5 l\u00e4tt spr\u00e5k, vilket inneb\u00e4r att de \u00e4r enklare och kortare \u00e4n andra b\u00f6cker. L\u00e4ttl\u00e4sta b\u00f6cker k\u00e4nns igen p\u00e5 <a href=\"https:\/\/selkokeskus.fi\/pa-svenska\/tjanster\/\">symbolen f\u00f6r l\u00e4ttl\u00e4st<\/a>, en pil i form av bokstaven s. Symbolen f\u00f6r l\u00e4ttl\u00e4st beviljas av arbetsgruppen f\u00f6r l\u00e4ttl\u00e4st litteratur.<\/p>\n<p>L\u00e4ttl\u00e4sta b\u00f6cker kan vara n\u00f6je och tidsf\u00f6rdriv, men de kan ocks\u00e5 anv\u00e4ndas f\u00f6r att studera spr\u00e5k, ber\u00e4tta om nya kulturer och v\u00e4cka debatt och f\u00e5 information.<\/p>\n<p>Det finns tv\u00e5 typer av l\u00e4ttl\u00e4sta b\u00f6cker. En del av de l\u00e4ttl\u00e4sta b\u00f6ckerna skrivs direkt p\u00e5 l\u00e4tt spr\u00e5k och en del omarbetas till l\u00e4tt spr\u00e5k fr\u00e5n en bok p\u00e5 allm\u00e4nspr\u00e5k. Till exempel William Shakespears bok Romeo och Julia har omarbetats till l\u00e4tt spr\u00e5k. Till exempel deckare, scifi, fantasib\u00f6cker, k\u00e4rleksromaner, klassiker, skr\u00e4ckhistorier och modern litteratur har publicerats p\u00e5 l\u00e4tt spr\u00e5k. L\u00e4ttl\u00e4st vetenskapslitteratur behandlar bland annat klimatf\u00f6r\u00e4ndringen, svampar, rymden, robotar och hundar.<\/p>\n<p>I Finland publiceras l\u00e4ttl\u00e4sta b\u00f6cker p\u00e5 finska och svenska. Vi fr\u00e4mjar publicerandet av l\u00e4ttl\u00e4sta b\u00f6cker och st\u00f6djer utgivandet av s\u00e5dana med stipendier. Vi ordnar till exempel evenemang och kampanjer som fr\u00e4mjar l\u00e4ttl\u00e4st litteratur och informerar om l\u00e4ttl\u00e4sta b\u00f6cker p\u00e5 v\u00e5r webbplats och p\u00e5 de sociala medierna. Vi ger dock inte sj\u00e4lv ut n\u00e5gra l\u00e4ttl\u00e4sta b\u00f6cker.<\/p>\n<h2>Var hittar man l\u00e4ttl\u00e4sta b\u00f6cker?<\/h2>\n<p>Du hittar l\u00e4ttl\u00e4sta b\u00f6cker p\u00e5 till exempel bibliotek, i webbutiker, f\u00f6rl\u00e4ggarnas webbutiker och i vissa bokhandlar. I Finland s\u00e4ljs l\u00e4ttl\u00e4sta b\u00f6cker av bland annat f\u00f6ljande:<\/p>\n<ul>\n<li><a href=\"https:\/\/www.adlibris.com\/fi\" target=\"_blank\" rel=\"noopener\"><strong>adlibris.com<\/strong><\/a><\/li>\n<li><a href=\"https:\/\/www.booky.fi\/\" target=\"_blank\" rel=\"noopener\"><strong>booky.fi<\/strong><\/a><\/li>\n<li><a href=\"https:\/\/www.prisma.fi\/fi\/prisma\" target=\"_blank\" rel=\"noopener\"><strong>prisma.fi<\/strong><\/a><\/li>\n<li><a href=\"https:\/\/www.aivoliitto.fi\/verkkokauppa\/\" target=\"_blank\" rel=\"noopener\"><strong>Hj\u00e4rnf\u00f6rbundet<\/strong><\/a><\/li>\n<li><a href=\"https:\/\/avain.net\/\" target=\"_blank\" rel=\"noopener\"><strong>Avain<\/strong><\/a><\/li>\n<li><a href=\"https:\/\/www.karisto.fi\/\" target=\"_blank\" rel=\"noopener\"><strong>Karisto<\/strong><\/a><\/li>\n<li><a href=\"https:\/\/lkkp.kauppakv.fi\/\" target=\"_blank\" rel=\"noopener\"><strong>Kirjapaja ja Lastenkeskus<\/strong><\/a><\/li>\n<li><a href=\"https:\/\/www.aidinkielenopettajainliitto.fi\/verkkokauppa\/\" target=\"_blank\" rel=\"noopener\"><strong>Laatusana (aidinkielenopettajainliitto.fi)<\/strong><\/a><\/li>\n<li><a href=\"https:\/\/www.opike.fi\/\" target=\"_blank\" rel=\"noopener\"><strong>Opike<\/strong><\/a><\/li>\n<li><a href=\"https:\/\/oppian.fi\/\" target=\"_blank\" rel=\"noopener\"><strong>Oppian<\/strong><\/a><\/li>\n<li><a href=\"http:\/\/www.pienikarhu.fi\/\" target=\"_blank\" rel=\"noopener\"><strong>Pieni karhu<\/strong><\/a><\/li>\n<li><a href=\"https:\/\/reunalla.fi\/\" target=\"_blank\" rel=\"noopener\"><strong>Reuna<\/strong><\/a><\/li>\n<li><a href=\"https:\/\/www.wsoy.fi\/\" target=\"_blank\" rel=\"noopener\"><strong>WSOY<\/strong><\/a><\/li>\n<li><a href=\"https:\/\/bokpil.eu\/fi\/\" target=\"_blank\" rel=\"noopener\"><strong>Bokpil<\/strong><\/a><\/li>\n<li><a href=\"https:\/\/www.larum.fi\/suomeksi\/\" target=\"_blank\" rel=\"noopener\"><strong>L\u00e4rum<\/strong><\/a><\/li>\n<li><strong><a href=\"https:\/\/www.akateeminen.com\/\" target=\"_blank\" rel=\"noopener\">Akademiska bokhandeln<\/a><\/strong><\/li>\n<li><strong><a href=\"https:\/\/www.suomalainen.com\/\" target=\"_blank\" rel=\"noopener\">Suomalainen kirjakauppa<\/a><\/strong><strong>.<\/strong><\/li>\n<\/ul>\n<h2>Sesampriset<\/h2>\n<p>Priset utdelas vartannat \u00e5r till en person som arbetar f\u00f6r att utveckla den l\u00e4ttl\u00e4sta litteraturen, t.ex. en f\u00f6rfattare, illustrat\u00f6r, \u00f6vers\u00e4ttare, forskare eller f\u00f6rl\u00e4ggare.<\/p>\n<p>Sesampriset beviljas av arbetsgruppen f\u00f6r l\u00e4ttl\u00e4st litteratur. Priset har delats ut sedan \u00e5r 1992.<\/p>\n<p><a href=\"https:\/\/selkokeskus.fi\/selkokirjallisuus\/seesam-palkinto\/\" target=\"_blank\" rel=\"noopener\"><strong>En lista \u00f6ver pristagarna finns p\u00e5 v\u00e5ra finskspr\u00e5kiga sidor<\/strong><\/a><strong><u>.<\/u><\/strong><\/p>\n<h2>L\u00e4s mer<\/h2>\n<p><a href=\"https:\/\/selkokeskus.fi\/selkokirjallisuus\/selkokirjatietokanta\/\" target=\"_blank\" rel=\"noopener\"><strong>Bekanta dig databasen \u00f6ver den l\u00e4ttl\u00e4sta litteratur som getts ut i Finland (p\u00e5 finska)<\/strong><\/a><strong><u>.<\/u><\/strong><\/p>\n<p><a href=\"https:\/\/selkokeskus.fi\/pa-svenska\/lattlast-litteratur\/statsunderstod-for-lattlast-litteratur\/\"><strong>L\u00e4s mera om det statliga st\u00f6det f\u00f6r l\u00e4ttl\u00e4st och annan tillg\u00e4nglig litteratur (p\u00e5 svenska)<\/strong><\/a><strong><u>.<\/u><\/strong><\/p>\n<p><a href=\"https:\/\/selkokeskus.fi\/selkokirjallisuus\/uudet-selkokirjat\/\" target=\"_blank\" rel=\"noopener\"><strong>L\u00e4s den senaste broschyren om l\u00e4ttl\u00e4sta b\u00f6cker (p\u00e5 l\u00e4tt finska och l\u00e4tt svenska).<\/strong><\/a><\/p>\n\n","protected":false},"excerpt":{"rendered":"<p>Alla har r\u00e4tt att l\u00e4sa \u2013 att f\u00e5 ta del av sp\u00e4nnande \u00e4ventyr, resa till nya l\u00e4nder, f\u00e5 information och nya upplevelser i b\u00f6ckernas v\u00e4rld. Den l\u00e4ttl\u00e4sta litteraturen f\u00f6r ut b\u00f6ckerna till nya l\u00e4sargrupper, f\u00f6r vilka [&hellip;]<span class=\"moretag\">L\u00e4s mer \u2026<\/span><\/p>\n","protected":false},"author":1,"featured_media":0,"parent":0,"menu_order":9,"comment_status":"closed","ping_status":"closed","template":"","meta":{"_acf_changed":false,"footnotes":""},"class_list":["post-122","page","type-page","status-publish","hentry"],"acf":[],"_links":{"self":[{"href":"https:\/\/selkokeskus.fi\/pa-svenska\/wp-json\/wp\/v2\/pages\/122","targetHints":{"allow":["GET"]}}],"collection":[{"href":"https:\/\/selkokeskus.fi\/pa-svenska\/wp-json\/wp\/v2\/pages"}],"about":[{"href":"https:\/\/selkokeskus.fi\/pa-svenska\/wp-json\/wp\/v2\/types\/page"}],"author":[{"embeddable":true,"href":"https:\/\/selkokeskus.fi\/pa-svenska\/wp-json\/wp\/v2\/users\/1"}],"replies":[{"embeddable":true,"href":"https:\/\/selkokeskus.fi\/pa-svenska\/wp-json\/wp\/v2\/comments?post=122"}],"version-history":[{"count":0,"href":"https:\/\/selkokeskus.fi\/pa-svenska\/wp-json\/wp\/v2\/pages\/122\/revisions"}],"wp:attachment":[{"href":"https:\/\/selkokeskus.fi\/pa-svenska\/wp-json\/wp\/v2\/media?parent=122"}],"curies":[{"name":"wp","href":"https:\/\/api.w.org\/{rel}","templated":true}]}}