{"id":126,"date":"2018-03-08T19:26:32","date_gmt":"2018-03-08T17:26:32","guid":{"rendered":"http:\/\/selkokeskus.fi\/pa-svenska\/?p=126"},"modified":"2023-02-09T11:55:41","modified_gmt":"2023-02-09T09:55:41","slug":"kontakt","status":"publish","type":"page","link":"https:\/\/selkokeskus.fi\/pa-svenska\/om-oss\/kontakt\/","title":{"rendered":"Kontakt"},"content":{"rendered":"<h2>Kontaktuppgifter<\/h2>\n<p>Selkokeskus<\/p>\n<p>Bef\u00e4stningsv\u00e4gen 2 B<br>\n02600 Esbo<br>\nTelefonnummer:\u00a0<a href=\"tel:+358934809240\"><strong>09 3480 9240<\/strong><\/a><br>\nE-post:\u00a0<a href=\"mailto:selkokeskus@kvl.fi\"><strong>selkokeskus[at]kvl.fi<\/strong><\/a><\/p>\n<h2>Tidningsprenumerationer och adress\u00e4ndringar<\/h2>\n<p>Telefonnummer:\u00a0<a href=\"tel:+358934809240\"><strong>(09) 3480 9240<\/strong><\/a><\/p>\n<p>E-post:\u00a0<a href=\"mailto:lehtitilaukset@kvl.fi\"><strong>lehtitilaukset[at]kvl.fi<\/strong><\/a><\/p>\n<p>Mera kontaktinformation <a href=\"https:\/\/selkokeskus.fi\/tietoa-meista\/ota-yhteytta\/\" target=\"_blank\" rel=\"noopener\">p\u00e5 v\u00e5r finskspr\u00e5kiga webbplats<\/a>.<\/p>\n<h2>Sociala medier<\/h2>\n<p>F\u00f6lj oss p\u00e5 de sociala medierna eller prenumerera p\u00e5 v\u00e5rt nyhetsbrev. D\u00e4r presenterar vi aktuella fr\u00e5gor och nya publikationer p\u00e5 l\u00e4tt spr\u00e5k.<\/p>\n<ul>\n<li><a href=\"https:\/\/www.facebook.com\/selkokeskus\" target=\"_blank\" rel=\"noopener\"><strong>Facebook<\/strong><\/a><\/li>\n<li><a href=\"https:\/\/www.instagram.com\/selkokeskus\/\" target=\"_blank\" rel=\"noopener\"><strong>Instagram<\/strong><\/a><\/li>\n<li><a href=\"https:\/\/www.youtube.com\/c\/selkotuubi\" target=\"_blank\" rel=\"noopener\"><strong>YouTube<\/strong><\/a><\/li>\n<li><a href=\"https:\/\/twitter.com\/Selkokeskus\" target=\"_blank\" rel=\"noopener\"><strong>Twitter<\/strong><\/a><\/li>\n<li><a href=\"https:\/\/kehitysvammaliitto.creamailer.fi\/subscribe\/Ce9BiXiQ3GHc2\" target=\"_blank\" rel=\"noopener\"><strong>Nyhetsbrev i Creamailer<\/strong><\/a><\/li>\n<\/ul>\n<p><a href=\"https:\/\/www.kehitysvammaliitto.fi\/yhteystiedot\/tietosuojaseloste\/\" target=\"_blank\" rel=\"noopener\"><strong>Du hittar v\u00e5r dataskyddsbeskrivning p\u00e5 Kehitysvammaliittos webbplats (p\u00e5 finska).<\/strong><\/a><\/p>\n<h2>Svenskspr\u00e5kiga LL-Center<\/h2>\n<p>LL-Center \u00e4r en svenskspr\u00e5kig expert som omarbetar texter till l\u00e4tt svenska, anordnar utbildningar och informerar om aktuella fr\u00e5gor. Kontakta LL-Center om du har n\u00e5gra fr\u00e5gor om<\/p>\n<ul>\n<li>l\u00e4tt svenska<\/li>\n<li>utbildningar i l\u00e4tt svenska<\/li>\n<li>texttj\u00e4nster p\u00e5 l\u00e4tt svenska<\/li>\n<li>l\u00e4ttl\u00e4sta b\u00f6cker p\u00e5 svenska.<\/li>\n<\/ul>\n<p>LL-Center \/ FDUV<\/p>\n<p>Nordenski\u00f6ldsgatan 18 A<\/p>\n<p>00250 Helsingfors<\/p>\n<p><a href=\"http:\/\/www.ll-center.fi\/\" target=\"_blank\" rel=\"noopener\"><strong>www.ll-center.fi<\/strong><\/a><\/p>\n<p><a href=\"mailto:ll-center@fduv.fi\" target=\"_blank\" rel=\"noopener\"><strong>ll-center@fduv.fi<\/strong><\/a><\/p>\n\n","protected":false},"excerpt":{"rendered":"<p>Kontaktuppgifter Selkokeskus Bef\u00e4stningsv\u00e4gen 2 B 02600 Esbo Telefonnummer:\u00a009 3480 9240 E-post:\u00a0selkokeskus[at]kvl.fi Tidningsprenumerationer och adress\u00e4ndringar Telefonnummer:\u00a0(09) 3480 9240 E-post:\u00a0lehtitilaukset[at]kvl.fi Mera kontaktinformation p\u00e5 v\u00e5r finskspr\u00e5kiga webbplats. Sociala medier F\u00f6lj oss p\u00e5 de sociala medierna eller prenumerera p\u00e5 v\u00e5rt [&hellip;]<span class=\"moretag\">L\u00e4s mer \u2026<\/span><\/p>\n","protected":false},"author":1,"featured_media":0,"parent":115,"menu_order":1,"comment_status":"closed","ping_status":"closed","template":"","meta":{"_acf_changed":false,"footnotes":""},"class_list":["post-126","page","type-page","status-publish","hentry"],"acf":[],"_links":{"self":[{"href":"https:\/\/selkokeskus.fi\/pa-svenska\/wp-json\/wp\/v2\/pages\/126","targetHints":{"allow":["GET"]}}],"collection":[{"href":"https:\/\/selkokeskus.fi\/pa-svenska\/wp-json\/wp\/v2\/pages"}],"about":[{"href":"https:\/\/selkokeskus.fi\/pa-svenska\/wp-json\/wp\/v2\/types\/page"}],"author":[{"embeddable":true,"href":"https:\/\/selkokeskus.fi\/pa-svenska\/wp-json\/wp\/v2\/users\/1"}],"replies":[{"embeddable":true,"href":"https:\/\/selkokeskus.fi\/pa-svenska\/wp-json\/wp\/v2\/comments?post=126"}],"version-history":[{"count":0,"href":"https:\/\/selkokeskus.fi\/pa-svenska\/wp-json\/wp\/v2\/pages\/126\/revisions"}],"up":[{"embeddable":true,"href":"https:\/\/selkokeskus.fi\/pa-svenska\/wp-json\/wp\/v2\/pages\/115"}],"wp:attachment":[{"href":"https:\/\/selkokeskus.fi\/pa-svenska\/wp-json\/wp\/v2\/media?parent=126"}],"curies":[{"name":"wp","href":"https:\/\/api.w.org\/{rel}","templated":true}]}}