{"id":468,"date":"2018-04-11T10:19:22","date_gmt":"2018-04-11T07:19:22","guid":{"rendered":"http:\/\/selkokeskus.fi\/pa-svenska\/?p=468"},"modified":"2023-02-08T14:02:48","modified_gmt":"2023-02-08T12:02:48","slug":"bakgrunden-till-latt-finska","status":"publish","type":"page","link":"https:\/\/selkokeskus.fi\/pa-svenska\/om-latt-finska\/bakgrunden-till-latt-finska\/","title":{"rendered":"Bakgrunden till l\u00e4tt finska"},"content":{"rendered":"<p>I Finland har l\u00e4tt finska utvecklats sedan b\u00f6rjan av 1980-talet. Modellen kom fr\u00e5n Sverige, d\u00e4r de f\u00f6rsta publikationerna p\u00e5 l\u00e4tt spr\u00e5k utkom redan n\u00e5gra tiotal \u00e5r tidigare. Det nordiska samarbetet har haft stor betydelse f\u00f6r utvecklingen av l\u00e4tt finska och andra nordiska l\u00e4tta spr\u00e5k.<\/p>\n<p>Till en b\u00f6rjan var l\u00e4tt finska avsett f\u00f6r personer med en intellektuell funktionsneds\u00e4ttning. Den b\u00e4rande tanken var att producera l\u00e4ttl\u00e4st material som skulle g\u00f6ra olika texter och litteratur tillg\u00e4ngliga ocks\u00e5 f\u00f6r de h\u00e4r personerna.<\/p>\n<p>Ganska snart uppt\u00e4ckte man att ocks\u00e5 andra grupper kan ha nytta av l\u00e4tt finska. P\u00e5 1990-talet b\u00f6rjade man producera l\u00e4ttl\u00e4st material ocks\u00e5 f\u00f6r \u00e4ldre personer och nyfinl\u00e4ndare. Det har inte alltid varit l\u00e4tt att kombinera olika gruppers behov och \u00f6nskem\u00e5l. Via kompromisser har vi dock kunnat skapa en stark gemensam f\u00f6renklad spr\u00e5kform.<\/p>\n<p>Selkokeskus grundades \u00e5r 2000 och sedan dess har l\u00e4tt spr\u00e5k utvecklats p\u00e5 m\u00e5nga olika s\u00e4tt. Ett flertal teorib\u00f6cker om l\u00e4tt finska har publicerats. Forskningen om l\u00e4tt finska har sm\u00e5ningom \u00f6kat och utg\u00e5ende fr\u00e5n detta har man utvecklat principerna f\u00f6r l\u00e4tt spr\u00e5k. Det har utarbetats riktlinjer f\u00f6r l\u00e4tt spr\u00e5k b\u00e5de i skrift och i tal. S\u00e4rskilt p\u00e5 2010-talet har verksamheten i anslutning till l\u00e4tt spr\u00e5k utvidgats och allt fler publikationer p\u00e5 l\u00e4tt spr\u00e5k har getts ut, till exempel broschyrer och b\u00f6cker. \u00c4ven webbplatser p\u00e5 l\u00e4tt spr\u00e5k har lanserats.<\/p>\n\n","protected":false},"excerpt":{"rendered":"<p>I Finland har l\u00e4tt finska utvecklats sedan b\u00f6rjan av 1980-talet. Modellen kom fr\u00e5n Sverige, d\u00e4r de f\u00f6rsta publikationerna p\u00e5 l\u00e4tt spr\u00e5k utkom redan n\u00e5gra tiotal \u00e5r tidigare. Det nordiska samarbetet har haft stor betydelse f\u00f6r utvecklingen [&hellip;]<span class=\"moretag\">L\u00e4s mer \u2026<\/span><\/p>\n","protected":false},"author":1,"featured_media":0,"parent":117,"menu_order":1,"comment_status":"closed","ping_status":"closed","template":"","meta":{"_acf_changed":false,"footnotes":""},"class_list":["post-468","page","type-page","status-publish","hentry"],"acf":[],"_links":{"self":[{"href":"https:\/\/selkokeskus.fi\/pa-svenska\/wp-json\/wp\/v2\/pages\/468","targetHints":{"allow":["GET"]}}],"collection":[{"href":"https:\/\/selkokeskus.fi\/pa-svenska\/wp-json\/wp\/v2\/pages"}],"about":[{"href":"https:\/\/selkokeskus.fi\/pa-svenska\/wp-json\/wp\/v2\/types\/page"}],"author":[{"embeddable":true,"href":"https:\/\/selkokeskus.fi\/pa-svenska\/wp-json\/wp\/v2\/users\/1"}],"replies":[{"embeddable":true,"href":"https:\/\/selkokeskus.fi\/pa-svenska\/wp-json\/wp\/v2\/comments?post=468"}],"version-history":[{"count":0,"href":"https:\/\/selkokeskus.fi\/pa-svenska\/wp-json\/wp\/v2\/pages\/468\/revisions"}],"up":[{"embeddable":true,"href":"https:\/\/selkokeskus.fi\/pa-svenska\/wp-json\/wp\/v2\/pages\/117"}],"wp:attachment":[{"href":"https:\/\/selkokeskus.fi\/pa-svenska\/wp-json\/wp\/v2\/media?parent=468"}],"curies":[{"name":"wp","href":"https:\/\/api.w.org\/{rel}","templated":true}]}}