{"id":469,"date":"2018-04-11T10:24:29","date_gmt":"2018-04-11T07:24:29","guid":{"rendered":"http:\/\/selkokeskus.fi\/pa-svenska\/?p=469"},"modified":"2023-02-08T14:03:52","modified_gmt":"2023-02-08T12:03:52","slug":"behovet-av-latt-finska","status":"publish","type":"page","link":"https:\/\/selkokeskus.fi\/pa-svenska\/om-latt-finska\/behovet-av-latt-finska\/","title":{"rendered":"Behovet av l\u00e4tt finska"},"content":{"rendered":"<p>Hur m\u00e5nga m\u00e4nniskor i Finland \u00e4r i behov av l\u00e4tt finska? Enligt Selkokeskus uppskattning (2019) best\u00e5r m\u00e5lgruppen f\u00f6r l\u00e4tt finska av ca 650 000\u2013750 000 personer, allts\u00e5 11\u201314 % av Finlands befolkning.<\/p>\n<p>Uppskattningen grundar sig p\u00e5 statistikuppgifter (som antalet elever med speciella behov och hur stora grupper det finns av personer med funktionsneds\u00e4ttningar), internationella j\u00e4mf\u00f6relseuppgifter samt sedan b\u00f6rjan av 2000-talet ocks\u00e5 unders\u00f6kningar av l\u00e4skunskapen.<\/p>\n<h2>Vem beh\u00f6ver l\u00e4tt finska?<\/h2>\n<p>M\u00e4nniskor med bristf\u00e4llig spr\u00e5kf\u00f6rm\u00e5ga har nytta av l\u00e4tt finska. Spr\u00e5kliga problem g\u00f6r det sv\u00e5rare att klara sig i t.ex. vardagen, studierna och arbetslivet samt att delta i samh\u00e4llets aktiviteter.<\/p>\n<p>Behovet av l\u00e4tt finska kan ha m\u00e5nga orsaker:<\/p>\n<ul>\n<li>neurobiologiska orsaker (t.ex. intellektuell funktionsneds\u00e4ttning, dysfasi, dyslexi, ADHD)<\/li>\n<li>f\u00f6rsvagad spr\u00e5kf\u00f6rm\u00e5ga (t.ex. minnessjukdom, afasi)<\/li>\n<li>l\u00e4saren har inte finska som modersm\u00e5l.<\/li>\n<\/ul>\n<p>Det finns \u00e4ven andra grupper som i vissa situationer har nytta av l\u00e4tt spr\u00e5k (till exempel personer som genomg\u00e5r psykisk rehabilitering och personer som inte \u00e4r vana att l\u00e4sa). Behovet av l\u00e4tt spr\u00e5k \u00e4r dock individuellt.<\/p>\n<p>En stor del av det l\u00e4ttl\u00e4sta materialet l\u00e4mpar sig f\u00f6r alla olika grupper. Om materialet huvudsakligen \u00e4r avsett f\u00f6r en viss grupp, \u00e4r det bra att beakta m\u00e5lgruppen och anpassa materialet till just den gruppens behov. Resultatet \u00e4r ett spr\u00e5k som betj\u00e4nar alla grupper b\u00e4ttre \u00e4n standardspr\u00e5ket, men som s\u00e4rskilt tar huvudm\u00e5lgruppens behov och utmaningar i beaktande.<\/p>\n<h2>Behovet av l\u00e4tt finska v\u00e4xer<\/h2>\n<p>Behovet av l\u00e4tt finska har \u00f6kat under de senaste \u00e5ren av till exempel f\u00f6ljande orsaker:<\/p>\n<ul>\n<li>Antalet \u00e4ldre personer i samh\u00e4llet \u00f6kar. N\u00e4r befolkningen blir \u00e4ldre blir ocks\u00e5 minnessjukdomar vanligare. I st\u00e4llet f\u00f6r att placera \u00e4ldre m\u00e4nniskor p\u00e5 \u00e5ldringshem, str\u00e4var man efter att alla ska kunna bo hemma s\u00e5 l\u00e4nge som m\u00f6jligt. Det finns behov av l\u00e4ttl\u00e4sta instruktioner och annat material.<\/li>\n<li>Invandrarna \u00f6kar i antal. I Finland finns en v\u00e4xande grupp vuxna som l\u00e4r sig finska som andra spr\u00e5k. F\u00f6r dem \u00e4r l\u00e4tt finska ett bra s\u00e4tt av komma in det finl\u00e4ndska samh\u00e4llet, bekanta sig med kulturen och l\u00e4ra sig finska.<\/li>\n<li>Antalet elever med specialbehov v\u00e4xer. Bland dem finns det m\u00e5nga som har spr\u00e5kliga sv\u00e5righeter och f\u00f6r vilka l\u00e4ttl\u00e4st material kan fungera bra f\u00f6r att t.ex. \u00f6ka intresset f\u00f6r att l\u00e4sa.<\/li>\n<\/ul>\n\n","protected":false},"excerpt":{"rendered":"<p>Hur m\u00e5nga m\u00e4nniskor i Finland \u00e4r i behov av l\u00e4tt finska? Enligt Selkokeskus uppskattning (2019) best\u00e5r m\u00e5lgruppen f\u00f6r l\u00e4tt finska av ca 650 000\u2013750 000 personer, allts\u00e5 11\u201314 % av Finlands befolkning. Uppskattningen grundar sig p\u00e5 [&hellip;]<span class=\"moretag\">L\u00e4s mer \u2026<\/span><\/p>\n","protected":false},"author":1,"featured_media":0,"parent":117,"menu_order":6,"comment_status":"closed","ping_status":"closed","template":"","meta":{"_acf_changed":false,"footnotes":""},"class_list":["post-469","page","type-page","status-publish","hentry"],"acf":[],"_links":{"self":[{"href":"https:\/\/selkokeskus.fi\/pa-svenska\/wp-json\/wp\/v2\/pages\/469","targetHints":{"allow":["GET"]}}],"collection":[{"href":"https:\/\/selkokeskus.fi\/pa-svenska\/wp-json\/wp\/v2\/pages"}],"about":[{"href":"https:\/\/selkokeskus.fi\/pa-svenska\/wp-json\/wp\/v2\/types\/page"}],"author":[{"embeddable":true,"href":"https:\/\/selkokeskus.fi\/pa-svenska\/wp-json\/wp\/v2\/users\/1"}],"replies":[{"embeddable":true,"href":"https:\/\/selkokeskus.fi\/pa-svenska\/wp-json\/wp\/v2\/comments?post=469"}],"version-history":[{"count":0,"href":"https:\/\/selkokeskus.fi\/pa-svenska\/wp-json\/wp\/v2\/pages\/469\/revisions"}],"up":[{"embeddable":true,"href":"https:\/\/selkokeskus.fi\/pa-svenska\/wp-json\/wp\/v2\/pages\/117"}],"wp:attachment":[{"href":"https:\/\/selkokeskus.fi\/pa-svenska\/wp-json\/wp\/v2\/media?parent=469"}],"curies":[{"name":"wp","href":"https:\/\/api.w.org\/{rel}","templated":true}]}}