{"id":472,"date":"2018-04-11T10:35:57","date_gmt":"2018-04-11T07:35:57","guid":{"rendered":"http:\/\/selkokeskus.fi\/pa-svenska\/?p=472"},"modified":"2023-02-08T14:13:38","modified_gmt":"2023-02-08T12:13:38","slug":"layout-och-illustrationer","status":"publish","type":"page","link":"https:\/\/selkokeskus.fi\/pa-svenska\/om-latt-finska\/layout-och-illustrationer\/","title":{"rendered":"Layout och illustrationer"},"content":{"rendered":"<p>Publikationens utseende \u00e4r porten till inneh\u00e5llet. Typografi, layout och bilder bidrar till att g\u00f6ra budskapet intressant och begripligt. Layoutens uppgift \u00e4r att, f\u00f6rutom att f\u00f6rb\u00e4ttra l\u00e4sbarheten, v\u00e4cka l\u00e4sarens intresse.<\/p>\n<p>Typografiska val \u00e4r t.ex. font, fontstorlek, radl\u00e4ngd, radavst\u00e5nd och spaltform. I publikationer som skrivs p\u00e5 l\u00e4tt finska anv\u00e4nder man lite st\u00f6rre font \u00e4n vanligt samt fri h\u00f6germarginal med frasanpassat radfall. Raden bryts s\u00e5 att varje saksammanhang f\u00e5r en egen rad. Man f\u00e4ster ocks\u00e5 stor vikt vid f\u00e4rger och andra visuella element.<\/p>\n<p>De som \u00e4r i behov av l\u00e4tt spr\u00e5k har ofta inte samma f\u00f6rm\u00e5ga att l\u00e4sa bilder som vanliga l\u00e4sare. De kan t.ex. tolka en bild i en tidskrift p\u00e5 ett annat s\u00e4tt \u00e4n tidningens genomsnittliga l\u00e4sare. Deras tolkning av texten \u00e4r vanligen ocks\u00e5 starkt kopplad till bilden. En bra illustration ger l\u00e4saren viktig f\u00f6rhandsinformation och hj\u00e4lper hen att f\u00f6rbereda sig p\u00e5 texten. En d\u00e5lig och vilseledande illustration kan g\u00f6ra det m\u00e4rkbart sv\u00e5rare att f\u00f6rst\u00e5 texten. Bilden kan t.ex. ge upphov till en fullst\u00e4ndigt felaktig tolkning och ha ett annat k\u00e4nslobudskap \u00e4n sj\u00e4lva texten.<\/p>\n<p><img loading=\"lazy\" decoding=\"async\" width=\"1140\" height=\"400\" class=\"alignnone size-full wp-image-474 img-responsive\" src=\"https:\/\/selkokeskus.fi\/pa-svenska\/wp-content\/uploads\/sites\/3\/2018\/04\/avaruuskirjan_sivu2.jpg\" alt=\"\" srcset=\"https:\/\/selkokeskus.fi\/pa-svenska\/wp-content\/uploads\/sites\/3\/2018\/04\/avaruuskirjan_sivu2.jpg 1140w, https:\/\/selkokeskus.fi\/pa-svenska\/wp-content\/uploads\/sites\/3\/2018\/04\/avaruuskirjan_sivu2-300x105.jpg 300w, https:\/\/selkokeskus.fi\/pa-svenska\/wp-content\/uploads\/sites\/3\/2018\/04\/avaruuskirjan_sivu2-768x269.jpg 768w, https:\/\/selkokeskus.fi\/pa-svenska\/wp-content\/uploads\/sites\/3\/2018\/04\/avaruuskirjan_sivu2-1024x359.jpg 1024w\" sizes=\"auto, (max-width: 1140px) 100vw, 1140px\" \/><\/p>\n\n","protected":false},"excerpt":{"rendered":"<p>Publikationens utseende \u00e4r porten till inneh\u00e5llet. Typografi, layout och bilder bidrar till att g\u00f6ra budskapet intressant och begripligt. Layoutens uppgift \u00e4r att, f\u00f6rutom att f\u00f6rb\u00e4ttra l\u00e4sbarheten, v\u00e4cka l\u00e4sarens intresse. Typografiska val \u00e4r t.ex. font, fontstorlek, radl\u00e4ngd, [&hellip;]<span class=\"moretag\">L\u00e4s mer \u2026<\/span><\/p>\n","protected":false},"author":1,"featured_media":0,"parent":117,"menu_order":8,"comment_status":"closed","ping_status":"closed","template":"","meta":{"_acf_changed":false,"footnotes":""},"class_list":["post-472","page","type-page","status-publish","hentry"],"acf":[],"_links":{"self":[{"href":"https:\/\/selkokeskus.fi\/pa-svenska\/wp-json\/wp\/v2\/pages\/472","targetHints":{"allow":["GET"]}}],"collection":[{"href":"https:\/\/selkokeskus.fi\/pa-svenska\/wp-json\/wp\/v2\/pages"}],"about":[{"href":"https:\/\/selkokeskus.fi\/pa-svenska\/wp-json\/wp\/v2\/types\/page"}],"author":[{"embeddable":true,"href":"https:\/\/selkokeskus.fi\/pa-svenska\/wp-json\/wp\/v2\/users\/1"}],"replies":[{"embeddable":true,"href":"https:\/\/selkokeskus.fi\/pa-svenska\/wp-json\/wp\/v2\/comments?post=472"}],"version-history":[{"count":0,"href":"https:\/\/selkokeskus.fi\/pa-svenska\/wp-json\/wp\/v2\/pages\/472\/revisions"}],"up":[{"embeddable":true,"href":"https:\/\/selkokeskus.fi\/pa-svenska\/wp-json\/wp\/v2\/pages\/117"}],"wp:attachment":[{"href":"https:\/\/selkokeskus.fi\/pa-svenska\/wp-json\/wp\/v2\/media?parent=472"}],"curies":[{"name":"wp","href":"https:\/\/api.w.org\/{rel}","templated":true}]}}