{"id":476,"date":"2018-04-11T10:37:19","date_gmt":"2018-04-11T07:37:19","guid":{"rendered":"http:\/\/selkokeskus.fi\/pa-svenska\/?p=476"},"modified":"2023-02-09T12:17:56","modified_gmt":"2023-02-09T10:17:56","slug":"latt-finska-pa-natet","status":"publish","type":"page","link":"https:\/\/selkokeskus.fi\/pa-svenska\/om-latt-finska\/latt-finska-pa-natet\/","title":{"rendered":"L\u00e4tt finska p\u00e5 n\u00e4tet"},"content":{"rendered":"<p>De allm\u00e4nna principerna f\u00f6r textinneh\u00e5llet i l\u00e4tt finska fungerar bra p\u00e5 n\u00e4tet. I sj\u00e4lva verket sammanfaller de ofta med allm\u00e4nna direktiv f\u00f6r hur man skriver p\u00e5 n\u00e4tet.<\/p>\n<p>N\u00e4r det g\u00e4ller principerna f\u00f6r layout och grafik \u00e4r situationen en annan. Layouten f\u00f6r l\u00e4tt finska \u00e4r relativt noggrant definierad f\u00f6r tryckta medier, men p\u00e5 n\u00e4tet \u00e4r detta inte m\u00f6jligt. D\u00e4r \u00e4r det t.ex. inte \u00f6nskv\u00e4rt att man g\u00f6r samma radfall som i tryckta l\u00e4ttl\u00e4sta texter, eftersom slutresultatet, beroende p\u00e5 t.ex. sk\u00e4rmstorlek, kan bli n\u00e5got helt annat \u00e4n den ursprungliga tanken.<\/p>\n<p>F\u00f6r dem som anv\u00e4nder l\u00e4tt finska \u00e4r m\u00e4ngden information kanske det mest v\u00e4sentliga n\u00e4r det g\u00e4ller n\u00e4ttj\u00e4nstens struktur. Informationsm\u00e4ngden blir l\u00e4tt ganska stor, eftersom sidorna f\u00f6rutom det egentliga inneh\u00e5llet ocks\u00e5 omfattar olika navigationsstrukturer, annan information som anknyter till inneh\u00e5llet samt andra element och l\u00e4nkar. M\u00e5nga av dem som anv\u00e4nder l\u00e4tt spr\u00e5k blir f\u00f6rvirrade av den stora m\u00e4ngden information n\u00e4r de ska anv\u00e4nda sidorna.<\/p>\n<p>I l\u00e4ttl\u00e4sta n\u00e4ttexter \u00e4r en tydlig och tillg\u00e4nglig navigationsstruktur, rubriker och s\u00f6kfunktion grundf\u00f6ruts\u00e4ttningar som motsvarar de layoutinstruktioner som ges f\u00f6r publikationer p\u00e5 l\u00e4tt finska.<\/p>\n<p>F\u00f6r n\u00e4tsidor p\u00e5 l\u00e4tt finska <a href=\"https:\/\/selkokeskus.fi\/pa-svenska\/tjanster\/\">kan man ans\u00f6ka om symbolen f\u00f6r l\u00e4ttl\u00e4st<\/a>. Vi beviljar symbolen tillsammans med n\u00e4ttj\u00e4nsten Papunet (tillg\u00e4ngligheten). F\u00f6r webbplatser p\u00e5 svenska beviljas symbolen f\u00f6r l\u00e4ttl\u00e4st av LL-Center.<\/p>\n<p>P\u00e5 l\u00e4ttl\u00e4sta webbplatser m\u00e5ste man ocks\u00e5 beakta kraven p\u00e5 tillg\u00e4nglighet. <a href=\"http:\/\/www.papunet.net\/saavutettavuus\" target=\"_blank\" rel=\"noopener\"><strong>L\u00e4s mera om n\u00e4tsidors tillg\u00e4nglighet p\u00e5 Papunets tillg\u00e4nglighetssidor (p\u00e5 finska).<\/strong><\/a><\/p>\n\n","protected":false},"excerpt":{"rendered":"<p>De allm\u00e4nna principerna f\u00f6r textinneh\u00e5llet i l\u00e4tt finska fungerar bra p\u00e5 n\u00e4tet. I sj\u00e4lva verket sammanfaller de ofta med allm\u00e4nna direktiv f\u00f6r hur man skriver p\u00e5 n\u00e4tet. N\u00e4r det g\u00e4ller principerna f\u00f6r layout och grafik \u00e4r [&hellip;]<span class=\"moretag\">L\u00e4s mer \u2026<\/span><\/p>\n","protected":false},"author":1,"featured_media":0,"parent":117,"menu_order":9,"comment_status":"closed","ping_status":"closed","template":"","meta":{"_acf_changed":false,"footnotes":""},"class_list":["post-476","page","type-page","status-publish","hentry"],"acf":[],"_links":{"self":[{"href":"https:\/\/selkokeskus.fi\/pa-svenska\/wp-json\/wp\/v2\/pages\/476","targetHints":{"allow":["GET"]}}],"collection":[{"href":"https:\/\/selkokeskus.fi\/pa-svenska\/wp-json\/wp\/v2\/pages"}],"about":[{"href":"https:\/\/selkokeskus.fi\/pa-svenska\/wp-json\/wp\/v2\/types\/page"}],"author":[{"embeddable":true,"href":"https:\/\/selkokeskus.fi\/pa-svenska\/wp-json\/wp\/v2\/users\/1"}],"replies":[{"embeddable":true,"href":"https:\/\/selkokeskus.fi\/pa-svenska\/wp-json\/wp\/v2\/comments?post=476"}],"version-history":[{"count":0,"href":"https:\/\/selkokeskus.fi\/pa-svenska\/wp-json\/wp\/v2\/pages\/476\/revisions"}],"up":[{"embeddable":true,"href":"https:\/\/selkokeskus.fi\/pa-svenska\/wp-json\/wp\/v2\/pages\/117"}],"wp:attachment":[{"href":"https:\/\/selkokeskus.fi\/pa-svenska\/wp-json\/wp\/v2\/media?parent=476"}],"curies":[{"name":"wp","href":"https:\/\/api.w.org\/{rel}","templated":true}]}}