{"id":524,"date":"2021-05-20T12:11:57","date_gmt":"2021-05-20T09:11:57","guid":{"rendered":"http:\/\/selkokeskus.fi\/pa-svenska\/?p=524"},"modified":"2025-12-18T08:47:48","modified_gmt":"2025-12-18T06:47:48","slug":"stipendium-for-illustrator-av-en-lattlast-bok","status":"publish","type":"page","link":"https:\/\/selkokeskus.fi\/pa-svenska\/lattlast-litteratur\/statsunderstod-for-lattlast-litteratur\/stipendium-for-illustrator-av-en-lattlast-bok\/","title":{"rendered":"Stipendium f\u00f6r illustrat\u00f6r av en l\u00e4ttl\u00e4st bok"},"content":{"rendered":"<p>En illustrat\u00f6r kan ans\u00f6ka om stipendium f\u00f6r att illustrera en l\u00e4ttl\u00e4st bok. Arbetsgruppen bed\u00f6mer ans\u00f6kan p\u00e5 basis av de illustrationsprov som s\u00f6kanden skickat in och annan information som s\u00f6kanden har uppgett i sin ans\u00f6kan. Det \u00e4r viktigt att det framkommer i en hurudan bok dessa illustrationer ska anv\u00e4ndas och hur omfattande illustrat\u00f6rens arbete \u00e4r.<\/p>\n<p>Man kan inte ans\u00f6ka om stipendium f\u00f6r l\u00e4romaterial, redan utgivna publikationer eller nytryck. Du kan ans\u00f6ka om stipendium endast om bokens f\u00f6rfattare eller f\u00f6rl\u00e4ggare i sin egen ans\u00f6kan inl\u00e4mnar minst en tredjedel av det f\u00e4rdiga manuskriptet. Du kan ocks\u00e5 ans\u00f6ka \u00e4ven i det fall att manuskriptet till den bok du illustrerar redan har beviljats statsunderst\u00f6d f\u00f6r l\u00e4ttl\u00e4st litteratur eller symbolen f\u00f6r l\u00e4ttl\u00e4st.<\/p>\n<p>Den undertecknade ans\u00f6kan l\u00e4mnas in\u00a0<strong>genom ett elektroniskt bidragssystem:\u00a0<\/strong><a href=\"https:\/\/selkokeskus.apurahat.net\/\" target=\"_blank\" rel=\"noopener\"><strong>https:\/\/selkokeskus.apurahat.net\/<\/strong><\/a><strong>.<\/strong><\/p>\n<p>Skriv inte n\u00e5got annat i ans\u00f6kan \u00e4n det som efterfr\u00e5gas d\u00e4r. Ans\u00f6kningar som \u00e4r bristf\u00e4lliga, ofullst\u00e4ndiga eller som har skickats per post behandlas inte.<\/p>\n<h2>Ans\u00f6kning<\/h2>\n<p>Ange bland annat f\u00f6ljande uppgifter i ans\u00f6kningen:<\/p>\n<ul>\n<li>dina kontaktuppgifter<\/li>\n<li>din f\u00f6rl\u00e4ggares kontaktuppgifter<\/li>\n<li>tidigare erfarenhet av l\u00e4tt spr\u00e5k och l\u00e4ttl\u00e4st litteratur<\/li>\n<li>anv\u00e4ndning av artificiell intelligens i arbetet med boken<\/li>\n<li>en kort beskrivning av bokens illustrationer samt exempel p\u00e5 hur illustrationerna st\u00f6der l\u00e4sf\u00f6rst\u00e5elsen hos l\u00e4sare av l\u00e4ttl\u00e4sta b\u00f6cker<\/li>\n<li>bokens m\u00e5lgrupper<\/li>\n<li>bidragets belopp och en specificering av kostnaderna (till exempel ers\u00e4ttning f\u00f6r arbetstid).<\/li>\n<\/ul>\n<h2>Illustrationsprov<\/h2>\n<p>Som bilagor till ans\u00f6kan ska fogas minst en bild som \u00e4r ganska f\u00e4rdig. \u00c4ven de textutdrag som h\u00f6r ihop med illustrationerna ska fogas till illustrationsproven.<\/p>\n<p>F\u00f6r illustrationer till en LL-bok finns vissa specialkrav som den s\u00f6kande noggrant ska bekanta sig med.<\/p>\n<h2><strong>S\u00f6kande: arbetsgrupp<\/strong><\/h2>\n<p>Ett stipendium kan s\u00f6kas av en arbetsgrupp om bokprojektet omfattar minst tv\u00e5 illustrat\u00f6rer. Om du ans\u00f6ker om stipendium som en del av en arbetsgrupp ska du dock inte ange namnen p\u00e5 de \u00f6vriga medlemmarna i arbetsgruppen eller n\u00e5gra personuppgifter om dem i ans\u00f6kan. Varje medlem i arbetsgruppen ska fylla i och skicka in en egen ans\u00f6kan samt kort beskriva sin roll i arbetsgruppen. Varje medlem ska ocks\u00e5 i sin egen ans\u00f6kan ange hur stort stipendium hen ans\u00f6ker om f\u00f6r att genomf\u00f6ra sin andel av projektet.<\/p>\n<p>Medlemmarna i arbetsgruppen kan vid behov anv\u00e4nda gemensamma texter i sina ans\u00f6kningar i till\u00e4mpliga delar (t.ex. projektbeskrivningen).<\/p>\n<p>Om stipendier beviljas till arbetsgruppens medlemmar ska de \u00e4ven underteckna egna avtal om anv\u00e4ndningen av stipendiet och l\u00e4mna in egna utredningar efter att projektet har avslutats.<\/p>\n<h2>Arbetsgruppens beslut<\/h2>\n<p>Arbetsgruppen bed\u00f6mer ans\u00f6kan p\u00e5 basis av de uppgifter och illustrationsprov som s\u00f6kanden har uppgett i och fogat till sin ans\u00f6kan. Arbetsgruppen bed\u00f6mer ocks\u00e5 \u00e5rets ans\u00f6kningar som en helhet, s\u00e5 de enskilda besluten p\u00e5verkas av antalet ans\u00f6kningar och kvaliteten p\u00e5 dessa.<\/p>\n<p>S\u00f6kanden som beviljas statsunderst\u00f6d f\u00f6r l\u00e4ttl\u00e4st litteratur m\u00e5ste underteckna ett avtal via bidragssystemet. S\u00f6kanden f\u00f6rbinder sig att redovisa f\u00f6r underst\u00f6dets anv\u00e4ndande inom utsatt tid.<\/p>\n<p><a href=\"https:\/\/selkokeskus.fi\/pa-svenska\/lattlast-litteratur\/statsunderstod-for-lattlast-litteratur\/om-stipendium-eller-understod-beviljas\/\"><strong>L\u00e4s mer h\u00e4r: Om stipendium eller underst\u00f6d beviljas<\/strong><\/a><\/p>\n<p>Ett nekande beslut \u00e4r inget hinder f\u00f6r en ny ans\u00f6kan. Till det nekande beslutet kan fogas \u00e4ndrings- eller korrigeringsf\u00f6rslag som den s\u00f6kande b\u00f6r beakta i sin nya ans\u00f6kan.<\/p>\n<p><a href=\"https:\/\/selkokeskus.fi\/pa-svenska\/lattlast-litteratur\/statsunderstod-for-lattlast-litteratur\/om-stipendium-eller-understod-inte-beviljas\/\"><strong>L\u00e4s mer h\u00e4r: Om stipendium eller underst\u00f6d inte beviljas<\/strong><\/a><\/p>\n\n","protected":false},"excerpt":{"rendered":"<p>En illustrat\u00f6r kan ans\u00f6ka om stipendium f\u00f6r att illustrera en l\u00e4ttl\u00e4st bok. Arbetsgruppen bed\u00f6mer ans\u00f6kan p\u00e5 basis av de illustrationsprov som s\u00f6kanden skickat in och annan information som s\u00f6kanden har uppgett i sin ans\u00f6kan. Det \u00e4r [&hellip;]<span class=\"moretag\">L\u00e4s mer \u2026<\/span><\/p>\n","protected":false},"author":367,"featured_media":0,"parent":521,"menu_order":1,"comment_status":"closed","ping_status":"closed","template":"","meta":{"_acf_changed":false,"footnotes":""},"class_list":["post-524","page","type-page","status-publish","hentry"],"acf":[],"_links":{"self":[{"href":"https:\/\/selkokeskus.fi\/pa-svenska\/wp-json\/wp\/v2\/pages\/524","targetHints":{"allow":["GET"]}}],"collection":[{"href":"https:\/\/selkokeskus.fi\/pa-svenska\/wp-json\/wp\/v2\/pages"}],"about":[{"href":"https:\/\/selkokeskus.fi\/pa-svenska\/wp-json\/wp\/v2\/types\/page"}],"author":[{"embeddable":true,"href":"https:\/\/selkokeskus.fi\/pa-svenska\/wp-json\/wp\/v2\/users\/367"}],"replies":[{"embeddable":true,"href":"https:\/\/selkokeskus.fi\/pa-svenska\/wp-json\/wp\/v2\/comments?post=524"}],"version-history":[{"count":0,"href":"https:\/\/selkokeskus.fi\/pa-svenska\/wp-json\/wp\/v2\/pages\/524\/revisions"}],"up":[{"embeddable":true,"href":"https:\/\/selkokeskus.fi\/pa-svenska\/wp-json\/wp\/v2\/pages\/521"}],"wp:attachment":[{"href":"https:\/\/selkokeskus.fi\/pa-svenska\/wp-json\/wp\/v2\/media?parent=524"}],"curies":[{"name":"wp","href":"https:\/\/api.w.org\/{rel}","templated":true}]}}