{"id":526,"date":"2021-05-20T12:14:46","date_gmt":"2021-05-20T09:14:46","guid":{"rendered":"http:\/\/selkokeskus.fi\/pa-svenska\/?p=526"},"modified":"2025-12-18T08:49:35","modified_gmt":"2025-12-18T06:49:35","slug":"stipendium-for-att-gora-en-taktil-bok","status":"publish","type":"page","link":"https:\/\/selkokeskus.fi\/pa-svenska\/lattlast-litteratur\/statsunderstod-for-lattlast-litteratur\/stipendium-for-att-gora-en-taktil-bok\/","title":{"rendered":"Stipendium f\u00f6r att g\u00f6ra en taktil bok"},"content":{"rendered":"<p>F\u00f6r att g\u00f6ra en taktil bok kan man ans\u00f6ka om statsunderst\u00f6d f\u00f6r l\u00e4ttl\u00e4st litteratur d\u00e5 det \u00e4r fr\u00e5ga om sk\u00f6nlitter\u00e4ra b\u00f6cker eller faktab\u00f6cker. Stipendium beviljas inte f\u00f6r l\u00e4rob\u00f6cker eller l\u00e4romedel.<\/p>\n<p>Den undertecknade ans\u00f6kan l\u00e4mnas in\u00a0<strong>genom ett elektroniskt bidragssystem:\u00a0<\/strong><a href=\"https:\/\/selkokeskus.apurahat.net\/\" target=\"_blank\" rel=\"noopener\"><strong>https:\/\/selkokeskus.apurahat.net\/<\/strong><\/a><strong>.<\/strong><\/p>\n<p>Skriv inte n\u00e5got annat i ans\u00f6kan \u00e4n det som efterfr\u00e5gas d\u00e4r. Ans\u00f6kningar som \u00e4r bristf\u00e4lliga, ofullst\u00e4ndiga eller som har skickats per post behandlas inte.<\/p>\n<p><a href=\"https:\/\/www.celia.fi\/sv\/celias-bocker\/taktilbocker\/\"><strong>Information om taktila b\u00f6cker finns p\u00e5 Celias webbsidor<\/strong><\/a>.<\/p>\n<h2>Bokplan<\/h2>\n<p>G\u00f6r upp en plan f\u00f6r din bok, d\u00e4r bokens manuskript och foton av de planerade sidorna i boken ing\u00e5r. En f\u00f6ruts\u00e4ttning f\u00f6r att beviljas stipendium \u00e4r att <a href=\"https:\/\/www.celia.fi\/\">Celia<\/a> har godk\u00e4nt bokplanen. S\u00f6kanden ska i god tid innan ans\u00f6kningstiden g\u00e5r ut presentera en bokplan f\u00f6r Celia (satu.jokinen@celia.fi), som i sin tur meddelar Arbetsgruppen f\u00f6r l\u00e4ttl\u00e4st litteratur om boken har godk\u00e4nts. S\u00f6kanden f\u00f6rbinder sig samtidigt att bearbeta boken enligt Celias anvisningar. Arbetsgruppen f\u00f6r l\u00e4ttl\u00e4st litteratur fattar beslut om beviljande av statsunderst\u00f6d p\u00e5 basis av bokplanen och bokens manuskript.<\/p>\n<h2><strong>S\u00f6kande: arbetsgrupp<\/strong><\/h2>\n<p>Ett stipendium kan s\u00f6kas av en arbetsgrupp om bokprojektet omfattar minst tv\u00e5 f\u00f6rfattare eller illustrat\u00f6rer. Om du ans\u00f6ker om stipendium som en del av en arbetsgrupp ska du dock inte ange namnen p\u00e5 de \u00f6vriga medlemmarna i arbetsgruppen eller n\u00e5gra personuppgifter om dem i ans\u00f6kan. Varje medlem i arbetsgruppen ska fylla i och skicka in en egen ans\u00f6kan samt kort beskriva sin roll i arbetsgruppen. Varje medlem ska ocks\u00e5 i sin egen ans\u00f6kan ange hur stort stipendium hen ans\u00f6ker om f\u00f6r att genomf\u00f6ra sin andel av projektet.<\/p>\n<p>Medlemmarna i arbetsgruppen kan vid behov anv\u00e4nda gemensamma texter i sina ans\u00f6kningar i till\u00e4mpliga delar (t.ex. projektbeskrivningen).<\/p>\n<p>Om stipendier beviljas till arbetsgruppens medlemmar ska de \u00e4ven underteckna egna avtal om anv\u00e4ndningen av stipendiet och l\u00e4mna in egna utredningar efter att projektet har avslutats.<\/p>\n<h2>Arbetsgruppens beslut<\/h2>\n<p>Arbetsgruppen bed\u00f6mer ans\u00f6kan p\u00e5 basis av de uppgifter och bilagor som s\u00f6kanden har uppgett i och bifogat till sin ans\u00f6kan. Arbetsgruppen bed\u00f6mer ocks\u00e5 \u00e5rets ans\u00f6kningar som en helhet, s\u00e5 de enskilda besluten p\u00e5verkas av antalet ans\u00f6kningar och kvaliteten p\u00e5 dessa.<\/p>\n<p>S\u00f6kanden som beviljas statsunderst\u00f6d f\u00f6r l\u00e4ttl\u00e4st litteratur m\u00e5ste underteckna ett avtal via bidragssystemet. S\u00f6kanden f\u00f6rbinder sig att redovisa f\u00f6r underst\u00f6dets anv\u00e4ndande inom utsatt tid.<\/p>\n<p><a href=\"https:\/\/selkokeskus.fi\/pa-svenska\/lattlast-litteratur\/statsunderstod-for-lattlast-litteratur\/om-stipendium-eller-understod-beviljas\/\"><strong>L\u00e4s mer h\u00e4r: Om stipendium eller underst\u00f6d beviljas<\/strong><\/a><\/p>\n<p>Ett nekande beslut \u00e4r inget hinder f\u00f6r en ny ans\u00f6kan. Till det nekande beslutet kan fogas \u00e4ndrings- eller korrigeringsf\u00f6rslag som den s\u00f6kande b\u00f6r beakta i sin nya ans\u00f6kan.<\/p>\n<p><a href=\"https:\/\/selkokeskus.fi\/pa-svenska\/lattlast-litteratur\/statsunderstod-for-lattlast-litteratur\/om-stipendium-eller-understod-inte-beviljas\/\"><strong>L\u00e4s mer h\u00e4r: Om stipendium eller underst\u00f6d inte beviljas<\/strong><\/a><\/p>\n\n","protected":false},"excerpt":{"rendered":"<p>F\u00f6r att g\u00f6ra en taktil bok kan man ans\u00f6ka om statsunderst\u00f6d f\u00f6r l\u00e4ttl\u00e4st litteratur d\u00e5 det \u00e4r fr\u00e5ga om sk\u00f6nlitter\u00e4ra b\u00f6cker eller faktab\u00f6cker. Stipendium beviljas inte f\u00f6r l\u00e4rob\u00f6cker eller l\u00e4romedel. Den undertecknade ans\u00f6kan l\u00e4mnas in\u00a0genom ett [&hellip;]<span class=\"moretag\">L\u00e4s mer \u2026<\/span><\/p>\n","protected":false},"author":367,"featured_media":0,"parent":521,"menu_order":7,"comment_status":"closed","ping_status":"closed","template":"","meta":{"_acf_changed":false,"footnotes":""},"class_list":["post-526","page","type-page","status-publish","hentry"],"acf":[],"_links":{"self":[{"href":"https:\/\/selkokeskus.fi\/pa-svenska\/wp-json\/wp\/v2\/pages\/526","targetHints":{"allow":["GET"]}}],"collection":[{"href":"https:\/\/selkokeskus.fi\/pa-svenska\/wp-json\/wp\/v2\/pages"}],"about":[{"href":"https:\/\/selkokeskus.fi\/pa-svenska\/wp-json\/wp\/v2\/types\/page"}],"author":[{"embeddable":true,"href":"https:\/\/selkokeskus.fi\/pa-svenska\/wp-json\/wp\/v2\/users\/367"}],"replies":[{"embeddable":true,"href":"https:\/\/selkokeskus.fi\/pa-svenska\/wp-json\/wp\/v2\/comments?post=526"}],"version-history":[{"count":0,"href":"https:\/\/selkokeskus.fi\/pa-svenska\/wp-json\/wp\/v2\/pages\/526\/revisions"}],"up":[{"embeddable":true,"href":"https:\/\/selkokeskus.fi\/pa-svenska\/wp-json\/wp\/v2\/pages\/521"}],"wp:attachment":[{"href":"https:\/\/selkokeskus.fi\/pa-svenska\/wp-json\/wp\/v2\/media?parent=526"}],"curies":[{"name":"wp","href":"https:\/\/api.w.org\/{rel}","templated":true}]}}