{"id":527,"date":"2021-05-20T12:16:06","date_gmt":"2021-05-20T09:16:06","guid":{"rendered":"http:\/\/selkokeskus.fi\/pa-svenska\/?p=527"},"modified":"2025-12-18T09:20:26","modified_gmt":"2025-12-18T07:20:26","slug":"stipendium-for-utvecklings-och-forskningsprojekt-om-lattlast-litteratur","status":"publish","type":"page","link":"https:\/\/selkokeskus.fi\/pa-svenska\/lattlast-litteratur\/statsunderstod-for-lattlast-litteratur\/stipendium-for-utvecklings-och-forskningsprojekt-om-lattlast-litteratur\/","title":{"rendered":"Stipendium f\u00f6r utvecklings- och forskningsprojekt om l\u00e4ttl\u00e4st litteratur"},"content":{"rendered":"<p>Statsunderst\u00f6d f\u00f6r l\u00e4ttl\u00e4st litteratur kan beviljas f\u00f6r ett projekt vars m\u00e5l \u00e4r att utveckla l\u00e4ttl\u00e4st litteratur. Det kan g\u00e4lla ett projekt som<\/p>\n<ul>\n<li>fr\u00e4mjar utgivningen av l\u00e4ttl\u00e4st litteratur eller m\u00f6jligheterna att n\u00e5 ut till l\u00e4sare<\/li>\n<li>\u00f6kar medvetenheten om l\u00e4ttl\u00e4st litteratur<\/li>\n<li>syftar till att unders\u00f6ka erfarenheterna hos l\u00e4sare av l\u00e4ttl\u00e4st litteratur.<\/li>\n<\/ul>\n<p>F\u00f6r att beviljas underst\u00f6d ska s\u00f6kanden kunna uppvisa att hen v\u00e4l k\u00e4nner till branschen och m\u00e5let med projektet i fr\u00e5ga. Dessutom ska s\u00f6kanden uppvisa att projektet \u00e4r tillr\u00e4ckligt omfattande och synligt. Arbetsgruppen bed\u00f6mer ocks\u00e5 \u00e5rets ans\u00f6kningar som en helhet, s\u00e5 de enskilda besluten p\u00e5verkas av antalet ans\u00f6kningar och kvaliteten p\u00e5 dessa.<\/p>\n<p>Underst\u00f6d beviljas inte f\u00f6r grundl\u00e4ggande forskning som leder till en examen. Statsunderst\u00f6d f\u00f6r l\u00e4ttl\u00e4st litteratur \u00e4r inte avsett som forskningsstipendium eller f\u00f6r att t\u00e4cka omfattande forsknings- och utvecklingsprojekt. Med underst\u00f6det kan endast en del av kostnaderna f\u00f6r projektet finansieras.<\/p>\n<p>Bristf\u00e4lliga ans\u00f6kningar behandlas inte.<\/p>\n<h2 data-start=\"71\" data-end=\"285\"><strong data-start=\"71\" data-end=\"82\">Ans\u00f6kan<\/strong><\/h2>\n<p data-start=\"71\" data-end=\"285\">Fyll i ans\u00f6kningsblanketten och skicka den per e-post (ella.airaksinen@kvl.fi) under perioden 31.12\u201331.1. Ans\u00f6kan ska vara undertecknad. Om du inte f\u00e5r svar p\u00e5 ditt meddelande inom tv\u00e5 veckor, v\u00e4nligen kontakta oss p\u00e5 nytt.<\/p>\n<p data-start=\"287\" data-end=\"340\"><strong><a href=\"https:\/\/selkokeskus.fi\/pa-svenska\/wp-content\/uploads\/sites\/3\/2025\/12\/Ansokan_forskningsstipendium_18.12.2025.docx\">Ladda ner ans\u00f6kningsblanketten och fyll i den<\/a><\/strong> (Word).<\/p>\n<h2><strong>S\u00f6kande: arbetsgrupp<\/strong><\/h2>\n<p>Om du ans\u00f6ker om stipendium som en del av en arbetsgrupp ska du inte ange namnen p\u00e5 de \u00f6vriga medlemmarna i arbetsgruppen eller n\u00e5gra personuppgifter om dem i ans\u00f6kan. Varje medlem i arbetsgruppen ska fylla i och skicka in en egen ans\u00f6kan samt kort beskriva sin roll i arbetsgruppen. Varje medlem ska ocks\u00e5 i sin egen ans\u00f6kan ange hur stort stipendium hen ans\u00f6ker om f\u00f6r att genomf\u00f6ra sin andel av projektet.<\/p>\n<p>Medlemmarna i arbetsgruppen kan vid behov anv\u00e4nda gemensamma texter i sina ans\u00f6kningar i till\u00e4mpliga delar (t.ex. projektbeskrivningen).<\/p>\n<p>Om stipendier beviljas till arbetsgruppens medlemmar ska de \u00e4ven underteckna egna avtal om anv\u00e4ndningen av stipendiet och l\u00e4mna in egna utredningar efter att projektet har avslutats.<\/p>\n<h2>Arbetsgruppens beslut<\/h2>\n<p>Till s\u00f6kanden som beviljas statsunderst\u00f6d f\u00f6r l\u00e4ttl\u00e4st litteratur skickas ett avtal som ska skrivas under och returneras. S\u00f6kanden f\u00f6rbinder sig att redovisa f\u00f6r underst\u00f6dets anv\u00e4ndande inom utsatt tid.<\/p>\n<p><a href=\"https:\/\/selkokeskus.fi\/pa-svenska\/lattlast-litteratur\/statsunderstod-for-lattlast-litteratur\/om-stipendium-eller-understod-beviljas\/\"><strong>L\u00e4s mer h\u00e4r: Om stipendium eller underst\u00f6d beviljas<\/strong><\/a><\/p>\n<p>Ett nekande beslut \u00e4r inget hinder f\u00f6r en ny ans\u00f6kan. Till det nekande beslutet kan fogas \u00e4ndrings- eller korrigeringsf\u00f6rslag som den s\u00f6kande b\u00f6r beakta i sin nya ans\u00f6kan.<\/p>\n<p><a href=\"https:\/\/selkokeskus.fi\/pa-svenska\/lattlast-litteratur\/statsunderstod-for-lattlast-litteratur\/om-stipendium-eller-understod-inte-beviljas\/\"><strong>L\u00e4s mer h\u00e4r: Om stipendium eller underst\u00f6d inte beviljas<\/strong><\/a><\/p>\n\n","protected":false},"excerpt":{"rendered":"<p>Statsunderst\u00f6d f\u00f6r l\u00e4ttl\u00e4st litteratur kan beviljas f\u00f6r ett projekt vars m\u00e5l \u00e4r att utveckla l\u00e4ttl\u00e4st litteratur. Det kan g\u00e4lla ett projekt som fr\u00e4mjar utgivningen av l\u00e4ttl\u00e4st litteratur eller m\u00f6jligheterna att n\u00e5 ut till l\u00e4sare \u00f6kar medvetenheten [&hellip;]<span class=\"moretag\">L\u00e4s mer \u2026<\/span><\/p>\n","protected":false},"author":367,"featured_media":0,"parent":521,"menu_order":9,"comment_status":"closed","ping_status":"closed","template":"","meta":{"_acf_changed":false,"footnotes":""},"class_list":["post-527","page","type-page","status-publish","hentry"],"acf":[],"_links":{"self":[{"href":"https:\/\/selkokeskus.fi\/pa-svenska\/wp-json\/wp\/v2\/pages\/527","targetHints":{"allow":["GET"]}}],"collection":[{"href":"https:\/\/selkokeskus.fi\/pa-svenska\/wp-json\/wp\/v2\/pages"}],"about":[{"href":"https:\/\/selkokeskus.fi\/pa-svenska\/wp-json\/wp\/v2\/types\/page"}],"author":[{"embeddable":true,"href":"https:\/\/selkokeskus.fi\/pa-svenska\/wp-json\/wp\/v2\/users\/367"}],"replies":[{"embeddable":true,"href":"https:\/\/selkokeskus.fi\/pa-svenska\/wp-json\/wp\/v2\/comments?post=527"}],"version-history":[{"count":0,"href":"https:\/\/selkokeskus.fi\/pa-svenska\/wp-json\/wp\/v2\/pages\/527\/revisions"}],"up":[{"embeddable":true,"href":"https:\/\/selkokeskus.fi\/pa-svenska\/wp-json\/wp\/v2\/pages\/521"}],"wp:attachment":[{"href":"https:\/\/selkokeskus.fi\/pa-svenska\/wp-json\/wp\/v2\/media?parent=527"}],"curies":[{"name":"wp","href":"https:\/\/api.w.org\/{rel}","templated":true}]}}