{"id":528,"date":"2021-05-20T12:16:52","date_gmt":"2021-05-20T09:16:52","guid":{"rendered":"http:\/\/selkokeskus.fi\/pa-svenska\/?p=528"},"modified":"2025-12-18T08:58:29","modified_gmt":"2025-12-18T06:58:29","slug":"langtidsstipendium-for-forfattare-av-lattlast-litteratur","status":"publish","type":"page","link":"https:\/\/selkokeskus.fi\/pa-svenska\/lattlast-litteratur\/statsunderstod-for-lattlast-litteratur\/langtidsstipendium-for-forfattare-av-lattlast-litteratur\/","title":{"rendered":"L\u00e5ngtidsstipendium f\u00f6r f\u00f6rfattare av l\u00e4ttl\u00e4st litteratur"},"content":{"rendered":"<p>Arbetsgruppen f\u00f6r l\u00e4ttl\u00e4st litteratur kan \u00e5rligen \u00e4ven bevilja en f\u00f6rfattare ett l\u00e5ngtidsstipendium, avsett f\u00f6r en erfaren f\u00f6rfattare av l\u00e4ttl\u00e4st litteratur som arbetar med ett omfattande projekt. Stipendiet kan g\u00e4lla ett mer kr\u00e4vande bokprojekt eller en serie b\u00f6cker. Stipendiet beviljas f\u00f6r arbete p\u00e5 heltid under cirka 2\u20134 m\u00e5nader och beloppet \u00e4r 6 000\u20138 000 euro.<\/p>\n<p>Ans\u00f6kan l\u00e4mnas in <strong>genom ett elektroniskt bidragssystem: <\/strong><a href=\"https:\/\/selkokeskus.apurahat.net\/\" target=\"_blank\" rel=\"noopener\"><strong>https:\/\/selkokeskus.apurahat.net\/<\/strong><\/a>.<\/p>\n<p>Skriv inte n\u00e5got annat i ans\u00f6kan \u00e4n det som efterfr\u00e5gas d\u00e4r. Ans\u00f6kningar som \u00e4r bristf\u00e4lliga, ofullst\u00e4ndiga eller som har skickats per post behandlas inte.<\/p>\n<p>L\u00e5ngtidsstipendium beviljas p\u00e5 basis av en arbetsplan. I arbetsplanen ska s\u00f6kanden beskriva id\u00e9n med och det huvudsakliga inneh\u00e5llet i ett omfattande eller flera mindre bokprojekt samt en plan f\u00f6r hur texten kan testas. Bokid\u00e9erna ska vara aktuella och svara p\u00e5 behov hos l\u00e4sare av l\u00e4ttl\u00e4st litteratur. Till ans\u00f6kningen ska bifogas ett textprov p\u00e5 n\u00e5gra sidor fr\u00e5n den kommande boken eller bokserien. Arbetsstipendiet kan endast beviljas en person som tidigare har gett ut en l\u00e4ttl\u00e4st bok som har godk\u00e4nts av Arbetsgruppen f\u00f6r l\u00e4ttl\u00e4st litteratur.<\/p>\n<p>L\u00e5ngtidsstipendium f\u00f6r f\u00f6rfattare av l\u00e4ttl\u00e4st litteratur beviljas n\u00f6dv\u00e4ndigtvis inte varje \u00e5r. Arbetsgruppen bed\u00f6mer ocks\u00e5 \u00e5rets ans\u00f6kningar som en helhet, s\u00e5 de enskilda besluten p\u00e5verkas av antalet ans\u00f6kningar och kvaliteten p\u00e5 dessa.<\/p>\n<p>Du kan ans\u00f6ka om stipendium endast om du har ing\u00e5tt ett intentionsavtal med f\u00f6rl\u00e4ggaren om utgivning av boken. Ange din f\u00f6rl\u00e4ggares kontaktuppgifter p\u00e5 ans\u00f6kan.<\/p>\n<h2><strong>S\u00f6kande: arbetsgrupp<\/strong><\/h2>\n<p>Ett stipendium kan s\u00f6kas av en arbetsgrupp om bokprojektet omfattar minst tv\u00e5 f\u00f6rfattare. Om du ans\u00f6ker om stipendium som en del av en arbetsgrupp ska du dock inte ange namnen p\u00e5 de \u00f6vriga medlemmarna i arbetsgruppen eller n\u00e5gra personuppgifter om dem i ans\u00f6kan. Varje medlem i arbetsgruppen ska fylla i och skicka in en egen ans\u00f6kan samt kort beskriva sin roll i arbetsgruppen. Varje medlem ska ocks\u00e5 i sin egen ans\u00f6kan ange hur stort stipendium hen ans\u00f6ker om f\u00f6r att genomf\u00f6ra sin andel av projektet.<\/p>\n<p>Medlemmarna i arbetsgruppen kan vid behov anv\u00e4nda gemensamma texter i sina ans\u00f6kningar i till\u00e4mpliga delar (t.ex. projektbeskrivningen).<\/p>\n<p>Om stipendier beviljas till arbetsgruppens medlemmar ska de \u00e4ven underteckna egna avtal om anv\u00e4ndningen av stipendiet och l\u00e4mna in egna utredningar efter att projektet har avslutats.<\/p>\n<h2>Arbetsgruppens beslut<\/h2>\n<p>Till s\u00f6kanden som beviljas statsunderst\u00f6d f\u00f6r l\u00e4ttl\u00e4st litteratur skickas ett avtal som ska skrivas under och returneras. S\u00f6kanden f\u00f6rbinder sig att redovisa f\u00f6r underst\u00f6dets anv\u00e4ndande inom utsatt tid.<\/p>\n<p><a href=\"https:\/\/selkokeskus.fi\/pa-svenska\/lattlast-litteratur\/statsunderstod-for-lattlast-litteratur\/om-stipendium-eller-understod-beviljas\/\"><strong>L\u00e4s mer h\u00e4r: Om stipendium eller underst\u00f6d beviljas<\/strong><\/a><\/p>\n<p>Ett nekande beslut \u00e4r inget hinder f\u00f6r en ny ans\u00f6kan. Till det nekande beslutet kan fogas \u00e4ndrings- eller korrigeringsf\u00f6rslag som den s\u00f6kande b\u00f6r beakta i sin nya ans\u00f6kan.<\/p>\n<p><a href=\"https:\/\/selkokeskus.fi\/pa-svenska\/lattlast-litteratur\/statsunderstod-for-lattlast-litteratur\/om-stipendium-eller-understod-inte-beviljas\/\"><strong>L\u00e4s mer h\u00e4r: Om stipendium eller underst\u00f6d inte beviljas<\/strong><\/a><\/p>\n\n","protected":false},"excerpt":{"rendered":"<p>Arbetsgruppen f\u00f6r l\u00e4ttl\u00e4st litteratur kan \u00e5rligen \u00e4ven bevilja en f\u00f6rfattare ett l\u00e5ngtidsstipendium, avsett f\u00f6r en erfaren f\u00f6rfattare av l\u00e4ttl\u00e4st litteratur som arbetar med ett omfattande projekt. Stipendiet kan g\u00e4lla ett mer kr\u00e4vande bokprojekt eller en serie [&hellip;]<span class=\"moretag\">L\u00e4s mer \u2026<\/span><\/p>\n","protected":false},"author":367,"featured_media":0,"parent":521,"menu_order":11,"comment_status":"closed","ping_status":"closed","template":"","meta":{"_acf_changed":false,"footnotes":""},"class_list":["post-528","page","type-page","status-publish","hentry"],"acf":[],"_links":{"self":[{"href":"https:\/\/selkokeskus.fi\/pa-svenska\/wp-json\/wp\/v2\/pages\/528","targetHints":{"allow":["GET"]}}],"collection":[{"href":"https:\/\/selkokeskus.fi\/pa-svenska\/wp-json\/wp\/v2\/pages"}],"about":[{"href":"https:\/\/selkokeskus.fi\/pa-svenska\/wp-json\/wp\/v2\/types\/page"}],"author":[{"embeddable":true,"href":"https:\/\/selkokeskus.fi\/pa-svenska\/wp-json\/wp\/v2\/users\/367"}],"replies":[{"embeddable":true,"href":"https:\/\/selkokeskus.fi\/pa-svenska\/wp-json\/wp\/v2\/comments?post=528"}],"version-history":[{"count":0,"href":"https:\/\/selkokeskus.fi\/pa-svenska\/wp-json\/wp\/v2\/pages\/528\/revisions"}],"up":[{"embeddable":true,"href":"https:\/\/selkokeskus.fi\/pa-svenska\/wp-json\/wp\/v2\/pages\/521"}],"wp:attachment":[{"href":"https:\/\/selkokeskus.fi\/pa-svenska\/wp-json\/wp\/v2\/media?parent=528"}],"curies":[{"name":"wp","href":"https:\/\/api.w.org\/{rel}","templated":true}]}}