{"id":530,"date":"2021-05-20T12:18:21","date_gmt":"2021-05-20T09:18:21","guid":{"rendered":"http:\/\/selkokeskus.fi\/pa-svenska\/?p=530"},"modified":"2025-12-15T14:26:25","modified_gmt":"2025-12-15T12:26:25","slug":"om-stipendium-eller-understod-inte-beviljas","status":"publish","type":"page","link":"https:\/\/selkokeskus.fi\/pa-svenska\/lattlast-litteratur\/statsunderstod-for-lattlast-litteratur\/om-stipendium-eller-understod-inte-beviljas\/","title":{"rendered":"Om stipendium eller underst\u00f6d inte beviljas"},"content":{"rendered":"<p>Orsakerna till att underst\u00f6d eller stipendium inte beviljas varierar. Orsaken kan exempelvis vara att texten i manuskriptet, illustrationerna eller ombrytningen inte motsvarar principerna f\u00f6r l\u00e4ttl\u00e4st litteratur. Ett nekande beslut kan ocks\u00e5 bero p\u00e5 andra faktorer som inverkar p\u00e5 den planerade bokens niv\u00e5 eller h\u00e4nf\u00f6ra sig till arbetsgruppens bed\u00f6mningar av verkningarna eller l\u00e4mpligheten av utvecklings- och forskningsprojektet f\u00f6r l\u00e4ttl\u00e4st litteratur. Arbetsgruppen bed\u00f6mer ocks\u00e5 \u00e5rets ans\u00f6kningar som en helhet, s\u00e5 de enskilda besluten p\u00e5verkas av antalet ans\u00f6kningar och kvaliteten p\u00e5 dessa. I fr\u00e5ga om taktila b\u00f6cker kan ett nekande beslut bero p\u00e5 Celias bed\u00f6mning av projektet.<\/p>\n<p>Arbetsgruppen \u00e5tar sig inte att behandla bristf\u00e4lliga ans\u00f6kningar. Ans\u00f6kningar som saknar n\u00f6dv\u00e4ndiga bilagor eller underteckning behandlas inte.<\/p>\n<p>Arbetsgruppen \u00e4r inte skyldig att motivera sina beslut f\u00f6r s\u00f6kanden.<\/p>\n<p>Ett nekande beslut \u00e4r inget hinder f\u00f6r en ny ans\u00f6kan. Till det nekande beslutet kan fogas \u00e4ndrings- eller korrigeringsf\u00f6rslag som den s\u00f6kande b\u00f6r beakta i sin nya ans\u00f6kan.<\/p>\n<h2>Symbolen f\u00f6r l\u00e4ttl\u00e4st f\u00f6r en bok<\/h2>\n<p>Om boken ges ut utan stipendier b\u00f6r man ans\u00f6ka om den avgiftsfria symbolen f\u00f6r l\u00e4ttl\u00e4st. Tack vare symbolen kan l\u00e4sarna l\u00e4ttare se att boken passar dem och kvaliteten p\u00e5 l\u00e4ttl\u00e4st litteratur f\u00f6rblir h\u00f6g.<\/p>\n<p>Vi informerar endast om b\u00f6cker som erh\u00e5llit symbolen f\u00f6r l\u00e4ttl\u00e4st litteratur.<\/p>\n<p><a href=\"https:\/\/selkokeskus.fi\/pa-svenska\/tjanster\/\">L\u00e4s mer om symbolen f\u00f6r l\u00e4ttl\u00e4st litteratur.<\/a><\/p>\n\n","protected":false},"excerpt":{"rendered":"<p>Orsakerna till att underst\u00f6d eller stipendium inte beviljas varierar. Orsaken kan exempelvis vara att texten i manuskriptet, illustrationerna eller ombrytningen inte motsvarar principerna f\u00f6r l\u00e4ttl\u00e4st litteratur. Ett nekande beslut kan ocks\u00e5 bero p\u00e5 andra faktorer som [&hellip;]<span class=\"moretag\">L\u00e4s mer \u2026<\/span><\/p>\n","protected":false},"author":367,"featured_media":0,"parent":521,"menu_order":13,"comment_status":"closed","ping_status":"closed","template":"","meta":{"_acf_changed":false,"footnotes":""},"class_list":["post-530","page","type-page","status-publish","hentry"],"acf":[],"_links":{"self":[{"href":"https:\/\/selkokeskus.fi\/pa-svenska\/wp-json\/wp\/v2\/pages\/530","targetHints":{"allow":["GET"]}}],"collection":[{"href":"https:\/\/selkokeskus.fi\/pa-svenska\/wp-json\/wp\/v2\/pages"}],"about":[{"href":"https:\/\/selkokeskus.fi\/pa-svenska\/wp-json\/wp\/v2\/types\/page"}],"author":[{"embeddable":true,"href":"https:\/\/selkokeskus.fi\/pa-svenska\/wp-json\/wp\/v2\/users\/367"}],"replies":[{"embeddable":true,"href":"https:\/\/selkokeskus.fi\/pa-svenska\/wp-json\/wp\/v2\/comments?post=530"}],"version-history":[{"count":0,"href":"https:\/\/selkokeskus.fi\/pa-svenska\/wp-json\/wp\/v2\/pages\/530\/revisions"}],"up":[{"embeddable":true,"href":"https:\/\/selkokeskus.fi\/pa-svenska\/wp-json\/wp\/v2\/pages\/521"}],"wp:attachment":[{"href":"https:\/\/selkokeskus.fi\/pa-svenska\/wp-json\/wp\/v2\/media?parent=530"}],"curies":[{"name":"wp","href":"https:\/\/api.w.org\/{rel}","templated":true}]}}